{"id":231,"date":"2024-11-23T12:11:32","date_gmt":"2024-11-23T12:11:32","guid":{"rendered":"http:\/\/kinerehabmobility.fr\/?page_id=231"},"modified":"2025-06-10T17:31:18","modified_gmt":"2025-06-10T17:31:18","slug":"mentions-legales","status":"publish","type":"page","link":"https:\/\/epaule-and-rehab.fr\/?page_id=231","title":{"rendered":"Mentions l\u00e9gales"},"content":{"rendered":"\t\t<div data-elementor-type=\"wp-page\" data-elementor-id=\"231\" class=\"elementor elementor-231\" data-elementor-post-type=\"page\">\n\t\t\t\t\t\t<section class=\"elementor-section elementor-top-section elementor-element elementor-element-cd8fb64 elementor-section-height-min-height elementor-section-full_width elementor-section-height-default elementor-section-items-middle\" data-id=\"cd8fb64\" data-element_type=\"section\" data-settings=\"{&quot;background_background&quot;:&quot;classic&quot;}\">\n\t\t\t\t\t\t<div class=\"elementor-container elementor-column-gap-default\">\n\t\t\t\t\t<div class=\"elementor-column elementor-col-33 elementor-top-column elementor-element elementor-element-00a388b\" data-id=\"00a388b\" data-element_type=\"column\">\n\t\t\t<div class=\"elementor-widget-wrap elementor-element-populated\">\n\t\t\t\t\t\t<div class=\"elementor-element elementor-element-d166d23 elementor-widget elementor-widget-image\" data-id=\"d166d23\" data-element_type=\"widget\" data-widget_type=\"image.default\">\n\t\t\t\t<div class=\"elementor-widget-container\">\n\t\t\t\t\t\t\t\t\t\t\t\t\t\t\t\t<a href=\"https:\/\/epaule-and-rehab.fr\">\n\t\t\t\t\t\t\t<img fetchpriority=\"high\" decoding=\"async\" width=\"800\" height=\"459\" src=\"https:\/\/epaule-and-rehab.fr\/wp-content\/uploads\/2024\/11\/Design-sans-titre-50-1-1024x587.png\" class=\"attachment-large size-large wp-image-183\" alt=\"\" srcset=\"https:\/\/epaule-and-rehab.fr\/wp-content\/uploads\/2024\/11\/Design-sans-titre-50-1-1024x587.png 1024w, https:\/\/epaule-and-rehab.fr\/wp-content\/uploads\/2024\/11\/Design-sans-titre-50-1-300x172.png 300w, https:\/\/epaule-and-rehab.fr\/wp-content\/uploads\/2024\/11\/Design-sans-titre-50-1-768x441.png 768w, https:\/\/epaule-and-rehab.fr\/wp-content\/uploads\/2024\/11\/Design-sans-titre-50-1-1536x881.png 1536w, https:\/\/epaule-and-rehab.fr\/wp-content\/uploads\/2024\/11\/Design-sans-titre-50-1.png 1780w\" sizes=\"(max-width: 800px) 100vw, 800px\" \/>\t\t\t\t\t\t\t\t<\/a>\n\t\t\t\t\t\t\t\t\t\t\t\t\t\t\t<\/div>\n\t\t\t\t<\/div>\n\t\t\t\t\t<\/div>\n\t\t<\/div>\n\t\t\t\t<div class=\"elementor-column elementor-col-33 elementor-top-column elementor-element elementor-element-1ad0c59\" data-id=\"1ad0c59\" data-element_type=\"column\">\n\t\t\t<div class=\"elementor-widget-wrap elementor-element-populated\">\n\t\t\t\t\t\t<div class=\"elementor-element elementor-element-ea82783 elementor-nav-menu__align-end elementor-nav-menu--stretch elementor-nav-menu__text-align-center elementor-hidden-tablet elementor-hidden-mobile elementor-nav-menu--dropdown-tablet elementor-nav-menu--toggle elementor-nav-menu--burger elementor-widget elementor-widget-nav-menu\" data-id=\"ea82783\" data-element_type=\"widget\" data-settings=\"{&quot;full_width&quot;:&quot;stretch&quot;,&quot;layout&quot;:&quot;horizontal&quot;,&quot;submenu_icon&quot;:{&quot;value&quot;:&quot;&lt;svg class=\\&quot;e-font-icon-svg e-fas-caret-down\\&quot; viewBox=\\&quot;0 0 320 512\\&quot; xmlns=\\&quot;http:\\\/\\\/www.w3.org\\\/2000\\\/svg\\&quot;&gt;&lt;path d=\\&quot;M31.3 192h257.3c17.8 0 26.7 21.5 14.1 34.1L174.1 354.8c-7.8 7.8-20.5 7.8-28.3 0L17.2 226.1C4.6 213.5 13.5 192 31.3 192z\\&quot;&gt;&lt;\\\/path&gt;&lt;\\\/svg&gt;&quot;,&quot;library&quot;:&quot;fa-solid&quot;},&quot;toggle&quot;:&quot;burger&quot;}\" data-widget_type=\"nav-menu.default\">\n\t\t\t\t<div class=\"elementor-widget-container\">\n\t\t\t\t\t\t\t\t<nav aria-label=\"Menu\" class=\"elementor-nav-menu--main elementor-nav-menu__container elementor-nav-menu--layout-horizontal e--pointer-none\">\n\t\t\t\t<ul id=\"menu-1-ea82783\" class=\"elementor-nav-menu\"><li class=\"menu-item menu-item-type-custom menu-item-object-custom menu-item-home menu-item-10\"><a href=\"http:\/\/epaule-and-rehab.fr\/\" class=\"elementor-item\">Accueil<\/a><\/li>\n<li class=\"menu-item menu-item-type-custom menu-item-object-custom menu-item-12\"><a href=\"#quisuisje\" class=\"elementor-item elementor-item-anchor\">Qui-suis-je ?<\/a><\/li>\n<li class=\"menu-item menu-item-type-custom menu-item-object-custom menu-item-293\"><a href=\"#suivi\" class=\"elementor-item elementor-item-anchor\">Suivi personnalis\u00e9<\/a><\/li>\n<li class=\"menu-item menu-item-type-custom menu-item-object-custom menu-item-11\"><a href=\"#tarifs\" class=\"elementor-item elementor-item-anchor\">Mes offres<\/a><\/li>\n<li class=\"menu-item menu-item-type-custom menu-item-object-custom menu-item-1981\"><a href=\"https:\/\/epaule-and-rehab.fr\/?page_id=1245\" class=\"elementor-item\">Articles<\/a><\/li>\n<li class=\"menu-item menu-item-type-custom menu-item-object-custom menu-item-13\"><a href=\"#contact\" class=\"elementor-item elementor-item-anchor\">Contact<\/a><\/li>\n<\/ul>\t\t\t<\/nav>\n\t\t\t\t\t<div class=\"elementor-menu-toggle\" role=\"button\" tabindex=\"0\" aria-label=\"Menu Toggle\" aria-expanded=\"false\">\n\t\t\t<svg aria-hidden=\"true\" role=\"presentation\" class=\"elementor-menu-toggle__icon--open e-font-icon-svg e-eicon-menu-bar\" viewBox=\"0 0 1000 1000\" xmlns=\"http:\/\/www.w3.org\/2000\/svg\"><path d=\"M104 333H896C929 333 958 304 958 271S929 208 896 208H104C71 208 42 237 42 271S71 333 104 333ZM104 583H896C929 583 958 554 958 521S929 458 896 458H104C71 458 42 487 42 521S71 583 104 583ZM104 833H896C929 833 958 804 958 771S929 708 896 708H104C71 708 42 737 42 771S71 833 104 833Z\"><\/path><\/svg><svg aria-hidden=\"true\" role=\"presentation\" class=\"elementor-menu-toggle__icon--close e-font-icon-svg e-eicon-close\" viewBox=\"0 0 1000 1000\" xmlns=\"http:\/\/www.w3.org\/2000\/svg\"><path d=\"M742 167L500 408 258 167C246 154 233 150 217 150 196 150 179 158 167 167 154 179 150 196 150 212 150 229 154 242 171 254L408 500 167 742C138 771 138 800 167 829 196 858 225 858 254 829L496 587 738 829C750 842 767 846 783 846 800 846 817 842 829 829 842 817 846 804 846 783 846 767 842 750 829 737L588 500 833 258C863 229 863 200 833 171 804 137 775 137 742 167Z\"><\/path><\/svg>\t\t<\/div>\n\t\t\t\t\t<nav class=\"elementor-nav-menu--dropdown elementor-nav-menu__container\" aria-hidden=\"true\">\n\t\t\t\t<ul id=\"menu-2-ea82783\" class=\"elementor-nav-menu\"><li class=\"menu-item menu-item-type-custom menu-item-object-custom menu-item-home menu-item-10\"><a href=\"http:\/\/epaule-and-rehab.fr\/\" class=\"elementor-item\" tabindex=\"-1\">Accueil<\/a><\/li>\n<li class=\"menu-item menu-item-type-custom menu-item-object-custom menu-item-12\"><a href=\"#quisuisje\" class=\"elementor-item elementor-item-anchor\" tabindex=\"-1\">Qui-suis-je ?<\/a><\/li>\n<li class=\"menu-item menu-item-type-custom menu-item-object-custom menu-item-293\"><a href=\"#suivi\" class=\"elementor-item elementor-item-anchor\" tabindex=\"-1\">Suivi personnalis\u00e9<\/a><\/li>\n<li class=\"menu-item menu-item-type-custom menu-item-object-custom menu-item-11\"><a href=\"#tarifs\" class=\"elementor-item elementor-item-anchor\" tabindex=\"-1\">Mes offres<\/a><\/li>\n<li class=\"menu-item menu-item-type-custom menu-item-object-custom menu-item-1981\"><a href=\"https:\/\/epaule-and-rehab.fr\/?page_id=1245\" class=\"elementor-item\" tabindex=\"-1\">Articles<\/a><\/li>\n<li class=\"menu-item menu-item-type-custom menu-item-object-custom menu-item-13\"><a href=\"#contact\" class=\"elementor-item elementor-item-anchor\" tabindex=\"-1\">Contact<\/a><\/li>\n<\/ul>\t\t\t<\/nav>\n\t\t\t\t\t\t<\/div>\n\t\t\t\t<\/div>\n\t\t\t\t<div class=\"elementor-element elementor-element-e00d49f elementor-hidden-desktop elementor-view-default elementor-widget elementor-widget-icon\" data-id=\"e00d49f\" data-element_type=\"widget\" data-widget_type=\"icon.default\">\n\t\t\t\t<div class=\"elementor-widget-container\">\n\t\t\t\t\t\t\t<div class=\"elementor-icon-wrapper\">\n\t\t\t<a class=\"elementor-icon\" href=\"#elementor-action%3Aaction%3Dpopup%3Aopen%26settings%3DeyJpZCI6IjIxMSIsInRvZ2dsZSI6ZmFsc2V9\">\n\t\t\t<i aria-hidden=\"true\" class=\"icon icon-menu-7\"><\/i>\t\t\t<\/a>\n\t\t<\/div>\n\t\t\t\t\t\t<\/div>\n\t\t\t\t<\/div>\n\t\t\t\t\t<\/div>\n\t\t<\/div>\n\t\t\t\t<div class=\"elementor-column elementor-col-33 elementor-top-column elementor-element elementor-element-808728c elementor-hidden-tablet elementor-hidden-mobile\" data-id=\"808728c\" data-element_type=\"column\">\n\t\t\t<div class=\"elementor-widget-wrap elementor-element-populated\">\n\t\t\t\t\t\t<div class=\"elementor-element elementor-element-74dc302 elementor-align-center elementor-widget elementor-widget-button\" data-id=\"74dc302\" data-element_type=\"widget\" data-widget_type=\"button.default\">\n\t\t\t\t<div class=\"elementor-widget-container\">\n\t\t\t\t\t\t\t\t\t<div class=\"elementor-button-wrapper\">\n\t\t\t\t\t<a class=\"elementor-button elementor-button-link elementor-size-sm elementor-animation-grow\" href=\"https:\/\/www.doctolib.fr\/masseur-kinesitherapeute\/hendaye\/iban-berasategui\" target=\"_blank\">\n\t\t\t\t\t\t<span class=\"elementor-button-content-wrapper\">\n\t\t\t\t\t\t\t\t\t<span class=\"elementor-button-text\">PRENDRE RENDEZ-VOUS<\/span>\n\t\t\t\t\t<\/span>\n\t\t\t\t\t<\/a>\n\t\t\t\t<\/div>\n\t\t\t\t\t\t\t\t<\/div>\n\t\t\t\t<\/div>\n\t\t\t\t\t<\/div>\n\t\t<\/div>\n\t\t\t\t\t<\/div>\n\t\t<\/section>\n\t\t<div class=\"elementor-element elementor-element-cddf877 e-flex e-con-boxed e-con e-parent\" data-id=\"cddf877\" data-element_type=\"container\">\n\t\t\t\t\t<div class=\"e-con-inner\">\n\t\t\t\t<div class=\"elementor-element elementor-element-9ff36a3 elementor-widget elementor-widget-heading\" data-id=\"9ff36a3\" data-element_type=\"widget\" data-widget_type=\"heading.default\">\n\t\t\t\t<div class=\"elementor-widget-container\">\n\t\t\t\t\t<h2 class=\"elementor-heading-title elementor-size-default\">Mentions l\u00e9gales<\/h2>\t\t\t\t<\/div>\n\t\t\t\t<\/div>\n\t\t\t\t<div class=\"elementor-element elementor-element-c6dd8ba elementor-widget elementor-widget-text-editor\" data-id=\"c6dd8ba\" data-element_type=\"widget\" data-widget_type=\"text-editor.default\">\n\t\t\t\t<div class=\"elementor-widget-container\">\n\t\t\t\t\t\t\t\t\t<p><strong>D\u00e9nomination commerciale<\/strong> :<\/p><p><strong>Forme juridique<\/strong> :<\/p><p><strong>Capital social<\/strong> :<\/p><p><strong>Si\u00e8ge social<\/strong> : 19 Avenue de lahanchipia, Saint Jean de Luz 64500<\/p><p><strong>T\u00e9l\u00e9phone<\/strong> :<\/p><p><strong>SIREN<\/strong> :\u00a0832702237<\/p><p><strong>Num\u00e9ro ordre: <\/strong>119085<\/p><p style=\"text-align: left;\"><strong>Num\u00e9ro RPPS:<\/strong> 10101339421<\/p><p><strong>Numero de RCS<\/strong> :<\/p><p><strong>H\u00e9bergement<\/strong> : <a href=\"https:\/\/wordpress-hoster.com\/\">WordPress-hoster.com<\/a><\/p><p><strong>Web Design : <\/strong><a href=\"http:\/\/baptiste-belletoise.fr\">baptiste-belletoise.fr<\/a><\/p>\t\t\t\t\t\t\t\t<\/div>\n\t\t\t\t<\/div>\n\t\t\t\t\t<\/div>\n\t\t\t\t<\/div>\n\t\t\t\t<section class=\"elementor-section elementor-top-section elementor-element elementor-element-defa44b elementor-section-boxed elementor-section-height-default elementor-section-height-default\" data-id=\"defa44b\" data-element_type=\"section\" data-settings=\"{&quot;background_background&quot;:&quot;classic&quot;}\">\n\t\t\t\t\t\t<div class=\"elementor-container elementor-column-gap-default\">\n\t\t\t\t\t<div class=\"elementor-column elementor-col-100 elementor-top-column elementor-element elementor-element-dd0e78d\" data-id=\"dd0e78d\" data-element_type=\"column\">\n\t\t\t<div class=\"elementor-widget-wrap elementor-element-populated\">\n\t\t\t\t\t\t<section class=\"elementor-section elementor-inner-section elementor-element elementor-element-6a1ac0d elementor-section-boxed elementor-section-height-default elementor-section-height-default\" data-id=\"6a1ac0d\" data-element_type=\"section\">\n\t\t\t\t\t\t<div class=\"elementor-container elementor-column-gap-default\">\n\t\t\t\t\t<div class=\"elementor-column elementor-col-33 elementor-inner-column elementor-element elementor-element-04c6ff6\" data-id=\"04c6ff6\" data-element_type=\"column\">\n\t\t\t<div class=\"elementor-widget-wrap elementor-element-populated\">\n\t\t\t\t\t\t<div class=\"elementor-element elementor-element-5e03406 elementor-widget elementor-widget-image\" data-id=\"5e03406\" data-element_type=\"widget\" data-widget_type=\"image.default\">\n\t\t\t\t<div class=\"elementor-widget-container\">\n\t\t\t\t\t\t\t\t\t\t\t\t\t\t\t<img decoding=\"async\" width=\"800\" height=\"453\" src=\"https:\/\/epaule-and-rehab.fr\/wp-content\/uploads\/2024\/11\/Design-sans-titre-50-e1732360344127-1024x580.png\" class=\"attachment-large size-large wp-image-70\" alt=\"\" srcset=\"https:\/\/epaule-and-rehab.fr\/wp-content\/uploads\/2024\/11\/Design-sans-titre-50-e1732360344127-1024x580.png 1024w, https:\/\/epaule-and-rehab.fr\/wp-content\/uploads\/2024\/11\/Design-sans-titre-50-e1732360344127-300x170.png 300w, https:\/\/epaule-and-rehab.fr\/wp-content\/uploads\/2024\/11\/Design-sans-titre-50-e1732360344127-768x435.png 768w, https:\/\/epaule-and-rehab.fr\/wp-content\/uploads\/2024\/11\/Design-sans-titre-50-e1732360344127-1536x871.png 1536w, https:\/\/epaule-and-rehab.fr\/wp-content\/uploads\/2024\/11\/Design-sans-titre-50-e1732360344127.png 1676w\" sizes=\"(max-width: 800px) 100vw, 800px\" \/>\t\t\t\t\t\t\t\t\t\t\t\t\t\t\t<\/div>\n\t\t\t\t<\/div>\n\t\t\t\t\t<\/div>\n\t\t<\/div>\n\t\t\t\t<div class=\"elementor-column elementor-col-33 elementor-inner-column elementor-element elementor-element-282bf2e\" data-id=\"282bf2e\" data-element_type=\"column\">\n\t\t\t<div class=\"elementor-widget-wrap elementor-element-populated\">\n\t\t\t\t\t\t<div class=\"elementor-element elementor-element-c6d1f96 elementor-align-center elementor-icon-list--layout-traditional elementor-list-item-link-full_width elementor-widget elementor-widget-icon-list\" data-id=\"c6d1f96\" data-element_type=\"widget\" data-widget_type=\"icon-list.default\">\n\t\t\t\t<div class=\"elementor-widget-container\">\n\t\t\t\t\t\t\t<ul class=\"elementor-icon-list-items\">\n\t\t\t\t\t\t\t<li class=\"elementor-icon-list-item\">\n\t\t\t\t\t\t\t\t\t\t\t<span class=\"elementor-icon-list-icon\">\n\t\t\t\t\t\t\t<svg aria-hidden=\"true\" class=\"e-font-icon-svg e-fas-bolt\" viewBox=\"0 0 320 512\" xmlns=\"http:\/\/www.w3.org\/2000\/svg\"><path d=\"M296 160H180.6l42.6-129.8C227.2 15 215.7 0 200 0H56C44 0 33.8 8.9 32.2 20.8l-32 240C-1.7 275.2 9.5 288 24 288h118.7L96.6 482.5c-3.6 15.2 8 29.5 23.3 29.5 8.4 0 16.4-4.4 20.8-12l176-304c9.3-15.9-2.2-36-20.7-36z\"><\/path><\/svg>\t\t\t\t\t\t<\/span>\n\t\t\t\t\t\t\t\t\t\t<span class=\"elementor-icon-list-text\">Mentions l\u00e9gales<\/span>\n\t\t\t\t\t\t\t\t\t<\/li>\n\t\t\t\t\t\t\t\t<li class=\"elementor-icon-list-item\">\n\t\t\t\t\t\t\t\t\t\t\t<a href=\"https:\/\/epaule-and-rehab.fr\/?page_id=233\">\n\n\t\t\t\t\t\t\t\t\t\t\t\t<span class=\"elementor-icon-list-icon\">\n\t\t\t\t\t\t\t<svg aria-hidden=\"true\" class=\"e-font-icon-svg e-fas-bolt\" viewBox=\"0 0 320 512\" xmlns=\"http:\/\/www.w3.org\/2000\/svg\"><path d=\"M296 160H180.6l42.6-129.8C227.2 15 215.7 0 200 0H56C44 0 33.8 8.9 32.2 20.8l-32 240C-1.7 275.2 9.5 288 24 288h118.7L96.6 482.5c-3.6 15.2 8 29.5 23.3 29.5 8.4 0 16.4-4.4 20.8-12l176-304c9.3-15.9-2.2-36-20.7-36z\"><\/path><\/svg>\t\t\t\t\t\t<\/span>\n\t\t\t\t\t\t\t\t\t\t<span class=\"elementor-icon-list-text\">Confidentialit\u00e9<\/span>\n\t\t\t\t\t\t\t\t\t\t\t<\/a>\n\t\t\t\t\t\t\t\t\t<\/li>\n\t\t\t\t\t\t<\/ul>\n\t\t\t\t\t\t<\/div>\n\t\t\t\t<\/div>\n\t\t\t\t\t<\/div>\n\t\t<\/div>\n\t\t\t\t<div class=\"elementor-column elementor-col-33 elementor-inner-column elementor-element elementor-element-3e98a1a\" data-id=\"3e98a1a\" data-element_type=\"column\">\n\t\t\t<div class=\"elementor-widget-wrap elementor-element-populated\">\n\t\t\t\t\t\t<div class=\"elementor-element elementor-element-1efba7c elementor-widget elementor-widget-elementskit-social-media\" data-id=\"1efba7c\" data-element_type=\"widget\" data-widget_type=\"elementskit-social-media.default\">\n\t\t\t\t<div class=\"elementor-widget-container\">\n\t\t\t\t\t<div class=\"ekit-wid-con\" >\t\t\t <ul class=\"ekit_social_media\">\n\t\t\t\t\t\t\t\t\t\t\t\t\t\t<li class=\"elementor-repeater-item-beb1d06\">\n\t\t\t\t\t    <a\n\t\t\t\t\t\thref=\"https:\/\/www.instagram.com\/kine_rehab_mobilite\/\" target=\"_blank\" aria-label=\"Instagram\" class=\"instagram\" >\n\t\t\t\t\t\t\t\t\t\t\t\t\t\t\n\t\t\t\t\t\t\t<svg aria-hidden=\"true\" class=\"e-font-icon-svg e-fab-instagram\" viewBox=\"0 0 448 512\" xmlns=\"http:\/\/www.w3.org\/2000\/svg\"><path d=\"M224.1 141c-63.6 0-114.9 51.3-114.9 114.9s51.3 114.9 114.9 114.9S339 319.5 339 255.9 287.7 141 224.1 141zm0 189.6c-41.1 0-74.7-33.5-74.7-74.7s33.5-74.7 74.7-74.7 74.7 33.5 74.7 74.7-33.6 74.7-74.7 74.7zm146.4-194.3c0 14.9-12 26.8-26.8 26.8-14.9 0-26.8-12-26.8-26.8s12-26.8 26.8-26.8 26.8 12 26.8 26.8zm76.1 27.2c-1.7-35.9-9.9-67.7-36.2-93.9-26.2-26.2-58-34.4-93.9-36.2-37-2.1-147.9-2.1-184.9 0-35.8 1.7-67.6 9.9-93.9 36.1s-34.4 58-36.2 93.9c-2.1 37-2.1 147.9 0 184.9 1.7 35.9 9.9 67.7 36.2 93.9s58 34.4 93.9 36.2c37 2.1 147.9 2.1 184.9 0 35.9-1.7 67.7-9.9 93.9-36.2 26.2-26.2 34.4-58 36.2-93.9 2.1-37 2.1-147.8 0-184.8zM398.8 388c-7.8 19.6-22.9 34.7-42.6 42.6-29.5 11.7-99.5 9-132.1 9s-102.7 2.6-132.1-9c-19.6-7.8-34.7-22.9-42.6-42.6-11.7-29.5-9-99.5-9-132.1s-2.6-102.7 9-132.1c7.8-19.6 22.9-34.7 42.6-42.6 29.5-11.7 99.5-9 132.1-9s102.7-2.6 132.1 9c19.6 7.8 34.7 22.9 42.6 42.6 11.7 29.5 9 99.5 9 132.1s2.7 102.7-9 132.1z\"><\/path><\/svg>\t\t\t\t\t\t\t\t\t\n                                                                                                            <\/a>\n                    <\/li>\n                    \t\t\t\t\t\t\t<\/ul>\n\t\t<\/div>\t\t\t\t<\/div>\n\t\t\t\t<\/div>\n\t\t\t\t\t<\/div>\n\t\t<\/div>\n\t\t\t\t\t<\/div>\n\t\t<\/section>\n\t\t\t\t<div class=\"elementor-element elementor-element-24532a0 elementor-widget elementor-widget-heading\" data-id=\"24532a0\" data-element_type=\"widget\" data-widget_type=\"heading.default\">\n\t\t\t\t<div class=\"elementor-widget-container\">\n\t\t\t\t\t<h2 class=\"elementor-heading-title elementor-size-default\">\u00a92024 kinerehabmobility.fr. <\/br>\nAll rights reserved.<\/h2>\t\t\t\t<\/div>\n\t\t\t\t<\/div>\n\t\t\t\t\t<\/div>\n\t\t<\/div>\n\t\t\t\t\t<\/div>\n\t\t<\/section>\n\t\t\t\t<\/div>\n\t\t","protected":false},"excerpt":{"rendered":"<p>PRENDRE RENDEZ-VOUS Mentions l\u00e9gales D\u00e9nomination commerciale : Forme juridique : Capital social : Si\u00e8ge social : 19 Avenue de lahanchipia, Saint Jean de Luz 64500 T\u00e9l\u00e9phone : SIREN :\u00a0832702237 Num\u00e9ro ordre: 119085 Num\u00e9ro RPPS: 10101339421 Numero de RCS : H\u00e9bergement : WordPress-hoster.com Web Design : baptiste-belletoise.fr Mentions l\u00e9gales Confidentialit\u00e9 \u00a92024 kinerehabmobility.fr. All rights reserved.<\/p>\n","protected":false},"author":1,"featured_media":0,"parent":0,"menu_order":0,"comment_status":"closed","ping_status":"closed","template":"elementor_canvas","meta":{"footnotes":""},"class_list":["post-231","page","type-page","status-publish","hentry"],"yoast_head":"<!-- This site is optimized with the Yoast SEO Premium plugin v23.9 (Yoast SEO v25.7) - https:\/\/yoast.com\/wordpress\/plugins\/seo\/ -->\n<title>Mentions l\u00e9gales - Iban Berasategui- Kin\u00e9 sp\u00e9cialiste \u00e9paule<\/title>\n<meta name=\"robots\" content=\"index, follow, max-snippet:-1, max-image-preview:large, max-video-preview:-1\" \/>\n<link rel=\"canonical\" href=\"https:\/\/epaule-and-rehab.fr\/?page_id=231\" \/>\n<meta property=\"og:locale\" content=\"fr_FR\" \/>\n<meta property=\"og:type\" content=\"article\" \/>\n<meta property=\"og:title\" content=\"Mentions l\u00e9gales\" \/>\n<meta property=\"og:description\" content=\"PRENDRE RENDEZ-VOUS Mentions l\u00e9gales D\u00e9nomination commerciale : Forme juridique : Capital social : Si\u00e8ge social : 19 Avenue de lahanchipia, Saint Jean de Luz 64500 T\u00e9l\u00e9phone : SIREN :\u00a0832702237 Num\u00e9ro ordre: 119085 Num\u00e9ro RPPS: 10101339421 Numero de RCS : H\u00e9bergement : WordPress-hoster.com Web Design : baptiste-belletoise.fr Mentions l\u00e9gales Confidentialit\u00e9 \u00a92024 kinerehabmobility.fr. All rights reserved.\" \/>\n<meta property=\"og:url\" content=\"https:\/\/epaule-and-rehab.fr\/?page_id=231\" \/>\n<meta property=\"og:site_name\" content=\"Iban Berasategui- Kin\u00e9 sp\u00e9cialiste \u00e9paule\" \/>\n<meta property=\"article:modified_time\" content=\"2025-06-10T17:31:18+00:00\" \/>\n<meta property=\"og:image\" content=\"http:\/\/epaule-and-rehab.fr\/wp-content\/uploads\/2024\/11\/Design-sans-titre-50-1-1024x587.png\" \/>\n<meta name=\"twitter:card\" content=\"summary_large_image\" \/>\n<meta name=\"twitter:label1\" content=\"Dur\u00e9e de lecture estim\u00e9e\" \/>\n\t<meta name=\"twitter:data1\" content=\"1 minute\" \/>\n<script type=\"application\/ld+json\" class=\"yoast-schema-graph\">{\"@context\":\"https:\/\/schema.org\",\"@graph\":[{\"@type\":\"WebPage\",\"@id\":\"https:\/\/epaule-and-rehab.fr\/?page_id=231\",\"url\":\"https:\/\/epaule-and-rehab.fr\/?page_id=231\",\"name\":\"Mentions l\u00e9gales - Iban Berasategui- Kin\u00e9 sp\u00e9cialiste \u00e9paule\",\"isPartOf\":{\"@id\":\"https:\/\/epaule-and-rehab.fr\/#website\"},\"primaryImageOfPage\":{\"@id\":\"https:\/\/epaule-and-rehab.fr\/?page_id=231#primaryimage\"},\"image\":{\"@id\":\"https:\/\/epaule-and-rehab.fr\/?page_id=231#primaryimage\"},\"thumbnailUrl\":\"http:\/\/epaule-and-rehab.fr\/wp-content\/uploads\/2024\/11\/Design-sans-titre-50-1-1024x587.png\",\"datePublished\":\"2024-11-23T12:11:32+00:00\",\"dateModified\":\"2025-06-10T17:31:18+00:00\",\"breadcrumb\":{\"@id\":\"https:\/\/epaule-and-rehab.fr\/?page_id=231#breadcrumb\"},\"inLanguage\":\"fr-FR\",\"potentialAction\":[{\"@type\":\"ReadAction\",\"target\":[\"https:\/\/epaule-and-rehab.fr\/?page_id=231\"]}]},{\"@type\":\"ImageObject\",\"inLanguage\":\"fr-FR\",\"@id\":\"https:\/\/epaule-and-rehab.fr\/?page_id=231#primaryimage\",\"url\":\"http:\/\/epaule-and-rehab.fr\/wp-content\/uploads\/2024\/11\/Design-sans-titre-50-1-1024x587.png\",\"contentUrl\":\"http:\/\/epaule-and-rehab.fr\/wp-content\/uploads\/2024\/11\/Design-sans-titre-50-1-1024x587.png\"},{\"@type\":\"BreadcrumbList\",\"@id\":\"https:\/\/epaule-and-rehab.fr\/?page_id=231#breadcrumb\",\"itemListElement\":[{\"@type\":\"ListItem\",\"position\":1,\"name\":\"Home\",\"item\":\"https:\/\/epaule-and-rehab.fr\/\"},{\"@type\":\"ListItem\",\"position\":2,\"name\":\"Mentions l\u00e9gales\"}]},{\"@type\":\"WebSite\",\"@id\":\"https:\/\/epaule-and-rehab.fr\/#website\",\"url\":\"https:\/\/epaule-and-rehab.fr\/\",\"name\":\"Iban BERASATEGUI\",\"description\":\"Kin\u00e9 sp\u00e9cialis\u00e9 en pathologies de l\u2019\u00e9paule du sportif au Pays Basque. Suivis \u00e0 distance et en pr\u00e9sentiel sur la C\u00f4te Basque (64).\",\"potentialAction\":[{\"@type\":\"SearchAction\",\"target\":{\"@type\":\"EntryPoint\",\"urlTemplate\":\"https:\/\/epaule-and-rehab.fr\/?s={search_term_string}\"},\"query-input\":{\"@type\":\"PropertyValueSpecification\",\"valueRequired\":true,\"valueName\":\"search_term_string\"}}],\"inLanguage\":\"fr-FR\"}]}<\/script>\n<!-- \/ Yoast SEO Premium plugin. -->","yoast_head_json":{"title":"Mentions l\u00e9gales - Iban Berasategui- Kin\u00e9 sp\u00e9cialiste \u00e9paule","robots":{"index":"index","follow":"follow","max-snippet":"max-snippet:-1","max-image-preview":"max-image-preview:large","max-video-preview":"max-video-preview:-1"},"canonical":"https:\/\/epaule-and-rehab.fr\/?page_id=231","og_locale":"fr_FR","og_type":"article","og_title":"Mentions l\u00e9gales","og_description":"PRENDRE RENDEZ-VOUS Mentions l\u00e9gales D\u00e9nomination commerciale : Forme juridique : Capital social : Si\u00e8ge social : 19 Avenue de lahanchipia, Saint Jean de Luz 64500 T\u00e9l\u00e9phone : SIREN :\u00a0832702237 Num\u00e9ro ordre: 119085 Num\u00e9ro RPPS: 10101339421 Numero de RCS : H\u00e9bergement : WordPress-hoster.com Web Design : baptiste-belletoise.fr Mentions l\u00e9gales Confidentialit\u00e9 \u00a92024 kinerehabmobility.fr. All rights reserved.","og_url":"https:\/\/epaule-and-rehab.fr\/?page_id=231","og_site_name":"Iban Berasategui- Kin\u00e9 sp\u00e9cialiste \u00e9paule","article_modified_time":"2025-06-10T17:31:18+00:00","og_image":[{"url":"http:\/\/epaule-and-rehab.fr\/wp-content\/uploads\/2024\/11\/Design-sans-titre-50-1-1024x587.png","type":"","width":"","height":""}],"twitter_card":"summary_large_image","twitter_misc":{"Dur\u00e9e de lecture estim\u00e9e":"1 minute"},"schema":{"@context":"https:\/\/schema.org","@graph":[{"@type":"WebPage","@id":"https:\/\/epaule-and-rehab.fr\/?page_id=231","url":"https:\/\/epaule-and-rehab.fr\/?page_id=231","name":"Mentions l\u00e9gales - Iban Berasategui- Kin\u00e9 sp\u00e9cialiste \u00e9paule","isPartOf":{"@id":"https:\/\/epaule-and-rehab.fr\/#website"},"primaryImageOfPage":{"@id":"https:\/\/epaule-and-rehab.fr\/?page_id=231#primaryimage"},"image":{"@id":"https:\/\/epaule-and-rehab.fr\/?page_id=231#primaryimage"},"thumbnailUrl":"http:\/\/epaule-and-rehab.fr\/wp-content\/uploads\/2024\/11\/Design-sans-titre-50-1-1024x587.png","datePublished":"2024-11-23T12:11:32+00:00","dateModified":"2025-06-10T17:31:18+00:00","breadcrumb":{"@id":"https:\/\/epaule-and-rehab.fr\/?page_id=231#breadcrumb"},"inLanguage":"fr-FR","potentialAction":[{"@type":"ReadAction","target":["https:\/\/epaule-and-rehab.fr\/?page_id=231"]}]},{"@type":"ImageObject","inLanguage":"fr-FR","@id":"https:\/\/epaule-and-rehab.fr\/?page_id=231#primaryimage","url":"http:\/\/epaule-and-rehab.fr\/wp-content\/uploads\/2024\/11\/Design-sans-titre-50-1-1024x587.png","contentUrl":"http:\/\/epaule-and-rehab.fr\/wp-content\/uploads\/2024\/11\/Design-sans-titre-50-1-1024x587.png"},{"@type":"BreadcrumbList","@id":"https:\/\/epaule-and-rehab.fr\/?page_id=231#breadcrumb","itemListElement":[{"@type":"ListItem","position":1,"name":"Home","item":"https:\/\/epaule-and-rehab.fr\/"},{"@type":"ListItem","position":2,"name":"Mentions l\u00e9gales"}]},{"@type":"WebSite","@id":"https:\/\/epaule-and-rehab.fr\/#website","url":"https:\/\/epaule-and-rehab.fr\/","name":"Iban BERASATEGUI","description":"Kin\u00e9 sp\u00e9cialis\u00e9 en pathologies de l\u2019\u00e9paule du sportif au Pays Basque. Suivis \u00e0 distance et en pr\u00e9sentiel sur la C\u00f4te Basque (64).","potentialAction":[{"@type":"SearchAction","target":{"@type":"EntryPoint","urlTemplate":"https:\/\/epaule-and-rehab.fr\/?s={search_term_string}"},"query-input":{"@type":"PropertyValueSpecification","valueRequired":true,"valueName":"search_term_string"}}],"inLanguage":"fr-FR"}]}},"_links":{"self":[{"href":"https:\/\/epaule-and-rehab.fr\/index.php?rest_route=\/wp\/v2\/pages\/231","targetHints":{"allow":["GET"]}}],"collection":[{"href":"https:\/\/epaule-and-rehab.fr\/index.php?rest_route=\/wp\/v2\/pages"}],"about":[{"href":"https:\/\/epaule-and-rehab.fr\/index.php?rest_route=\/wp\/v2\/types\/page"}],"author":[{"embeddable":true,"href":"https:\/\/epaule-and-rehab.fr\/index.php?rest_route=\/wp\/v2\/users\/1"}],"replies":[{"embeddable":true,"href":"https:\/\/epaule-and-rehab.fr\/index.php?rest_route=%2Fwp%2Fv2%2Fcomments&post=231"}],"version-history":[{"count":16,"href":"https:\/\/epaule-and-rehab.fr\/index.php?rest_route=\/wp\/v2\/pages\/231\/revisions"}],"predecessor-version":[{"id":1822,"href":"https:\/\/epaule-and-rehab.fr\/index.php?rest_route=\/wp\/v2\/pages\/231\/revisions\/1822"}],"wp:attachment":[{"href":"https:\/\/epaule-and-rehab.fr\/index.php?rest_route=%2Fwp%2Fv2%2Fmedia&parent=231"}],"curies":[{"name":"wp","href":"https:\/\/api.w.org\/{rel}","templated":true}]}}